{"id":2,"date":"2020-08-04T20:10:25","date_gmt":"2020-08-04T23:10:25","guid":{"rendered":"https:\/\/lucasguse.design\/loja\/?page_id=2"},"modified":"2024-04-26T10:12:13","modified_gmt":"2024-04-26T13:12:13","slug":"duvidas-ajuda","status":"publish","type":"page","link":"https:\/\/lucasguse.design\/loja\/duvidas-ajuda\/","title":{"rendered":"D\u00favidas frequentes"},"content":{"rendered":"\n<p><strong>1 &#8211;<\/strong> <strong>A compra \u00e9 segura?<\/strong><br>O pagamento \u00e9 f\u00e1cil e 100% seguro feito atrav\u00e9s do Paypal e Mercado Pago. <\/p>\n\n\n\n<p><strong>2 &#8211; Como irei receber o arquivo?<\/strong><br>Ap\u00f3s a compra voc\u00ea receber\u00e1 o link do download no email cadastrado. Verifique sua caixa de spam ou aguarde at\u00e9 1 hora para receber. Caso n\u00e3o receba entre em contato.<\/p>\n\n\n\n<p><strong>3 &#8211; O que fazer depois do download?<\/strong><br>Voc\u00ea ir\u00e1 receber os arquivos zipados, para o melhor funcionamento \u00e9 necess\u00e1rio a descompacta\u00e7\u00e3o. Ap\u00f3s isso abra o arquivo &#8220;Leia-me&#8221; e o &#8220;Guia do usu\u00e1rio&#8221; para utilizar o material.<\/p>\n\n\n\n<p><strong>4 &#8211; Quanto tempo o material fica dispon\u00edvel para download?<\/strong><br>Por seguran\u00e7a o download fica dispon\u00edvel por 48 horas ap\u00f3s o pagamento. Salve seus arquivos para n\u00e3o perd\u00ea-los. Segunda via n\u00e3o s\u00e3o disponibilizadas.<\/p>\n\n\n\n<p><strong>5 &#8211; Quais s\u00e3o as extens\u00f5es dos arquivos?<\/strong><br>Para cada produto existe uma variedade de extens\u00f5es para trabalhar, podendo ser Photoshop, Illustrator, Indesign, PowerPoint, Word ou Excel.<\/p>\n\n\n\n<p><strong>6 &#8211;<\/strong> <strong>Sobre arrependimento e reembolso<\/strong><br>Fa\u00e7a a sua compra com aten\u00e7\u00e3o, produtos digitais n\u00e3o tem o direito de arrependimento e reembolso do valor.<\/p>\n\n\n\n<p><strong>7 &#8211;<\/strong> <strong>Posso compartilhar o arquivo?<\/strong><br>Apoie a comunidade de criadores, n\u00e3o repasse os arquivos para terceiros. Compartilhe o link com os amigos(as) para adquirir o produto.<\/p>\n\n\n\n<p><strong>8 &#8211; Como funciona o suporte?<\/strong><br>Se ficou com d\u00favidas ou est\u00e1 com algum problema voc\u00ea pode entrar em contato por <a href=\"mailto:loja@lucasguse.design\"><mark style=\"background-color:#000000;color:#32dbca\" class=\"has-inline-color\">email<\/mark><\/a> ou <a href=\"https:\/\/wa.me\/5547996925826\"><mark style=\"background-color:#000000;color:#32dbca\" class=\"has-inline-color\">whatsapp<\/mark><\/a> que irei te ajudar \ud83d\ude42<\/p>\n","protected":false},"excerpt":{"rendered":"<p>1 &#8211; A compra \u00e9 segura?O pagamento \u00e9 f\u00e1cil e 100% seguro feito atrav\u00e9s do Paypal e Mercado Pago. 2 &#8211; Como irei receber o &hellip; <\/p>\n","protected":false},"author":1,"featured_media":0,"parent":0,"menu_order":0,"comment_status":"closed","ping_status":"closed","template":"","meta":{"pagelayer_contact_templates":[],"_pagelayer_content":"","_monsterinsights_skip_tracking":false,"_monsterinsights_sitenote_active":false,"_monsterinsights_sitenote_note":"","_monsterinsights_sitenote_category":0,"footnotes":""},"class_list":["post-2","page","type-page","status-publish","hentry"],"aioseo_notices":[],"_links":{"self":[{"href":"https:\/\/lucasguse.design\/loja\/wp-json\/wp\/v2\/pages\/2","targetHints":{"allow":["GET"]}}],"collection":[{"href":"https:\/\/lucasguse.design\/loja\/wp-json\/wp\/v2\/pages"}],"about":[{"href":"https:\/\/lucasguse.design\/loja\/wp-json\/wp\/v2\/types\/page"}],"author":[{"embeddable":true,"href":"https:\/\/lucasguse.design\/loja\/wp-json\/wp\/v2\/users\/1"}],"replies":[{"embeddable":true,"href":"https:\/\/lucasguse.design\/loja\/wp-json\/wp\/v2\/comments?post=2"}],"version-history":[{"count":14,"href":"https:\/\/lucasguse.design\/loja\/wp-json\/wp\/v2\/pages\/2\/revisions"}],"predecessor-version":[{"id":2841,"href":"https:\/\/lucasguse.design\/loja\/wp-json\/wp\/v2\/pages\/2\/revisions\/2841"}],"wp:attachment":[{"href":"https:\/\/lucasguse.design\/loja\/wp-json\/wp\/v2\/media?parent=2"}],"curies":[{"name":"wp","href":"https:\/\/api.w.org\/{rel}","templated":true}]}}