{"id":3,"date":"2020-08-04T20:10:25","date_gmt":"2020-08-04T20:10:25","guid":{"rendered":"https:\/\/lucasguse.design\/loja\/?page_id=3"},"modified":"2020-08-17T17:01:44","modified_gmt":"2020-08-17T20:01:44","slug":"politica-privacidade","status":"publish","type":"page","link":"https:\/\/lucasguse.design\/loja\/politica-privacidade\/","title":{"rendered":"Pol\u00edtica de Privacidade"},"content":{"rendered":"\n<p>O desenvolvedor respons\u00e1vel pelo website Lucas Guse (www.lucasguse.design\/loja\/) informa que toda e qualquer informa\u00e7\u00e3o pessoal coletada por ele, ser\u00e1 utilizada para melhorar a sua experi\u00eancia ao navegar no website, visando desta maneira que sua visita se torne mais vantajosa e assertiva.<\/p>\n\n\n\n<p>A confidencialidade das informa\u00e7\u00f5es pessoais dos usu\u00e1rios do site www.lucasguse.design\/loja\/ \u00e9 de suma import\u00e2ncia para o desenvolvedor, por este motivo, O mesmo busca otimizar continuamente todos os processos internos, para mante-los em seguran\u00e7a e de acordo com todas as normas impostas.<\/p>\n\n\n\n<p>Desta maneira, ressaltamos que todos os dados pessoais dos visitantes, assinantes, clientes ou membros que utilizem o site ir\u00e3o receber o tratamento de acordo com uma importante lei, especificamente a de Prote\u00e7\u00e3o de Dados Pessoais, cujo seu n\u00famero \u00e9 67\/98 e sua data de 26\/10\/1998.<\/p>\n\n\n\n<h3 class=\"wp-block-heading\">Aceite<\/h3>\n\n\n\n<p>A partir do momento da utiliza\u00e7\u00e3o do website www.lucasguse.design\/loja\/ pressup\u00f5e que o usu\u00e1rio aceitou a <strong>pol\u00edtica de privacidade.<\/strong> Desta forma o respons\u00e1vel pelo website reserva-se ao direito de modificar esta pol\u00edtica sem que seja realizado um aviso pr\u00e9vio. Por este motivo, o desenvolvedor recomenda que os usu\u00e1rios realizem uma consulta regularmente a pol\u00edtica, para que desta forma, se mantenham sempre atualizados de poss\u00edveis altera\u00e7\u00f5es, caso seja necess\u00e1rio, \u00e9 poss\u00edvel entrar em contato por <strong>e-mail<\/strong> (contato@lucasguse.design) informando suas d\u00favidas.<\/p>\n\n\n\n<h3 class=\"wp-block-heading\">Os Cookies<\/h3>\n\n\n\n<p>O site usa cookies com o objetivo de armazenar informa\u00e7\u00f5es, como por exemplo, as prefer\u00eancias do publico que acessa um determinado site, esses cookies podem ser coletados por meio de um mero popup ou at\u00e9 mesmo uma integra\u00e7\u00e3o com demais servi\u00e7os.<\/p>\n\n\n\n<p>Voc\u00ea como usu\u00e1rio do website Lucas Guse possui a total autonomia de desativar os cookies, basta acessar a configura\u00e7\u00e3o do seu navegador de prefer\u00eancia e realizar a modifica\u00e7\u00e3o, ou caso tenha, poder\u00e1 utilizar um antivirus que fa\u00e7a essa configura\u00e7\u00e3o diretamente. Vale ressaltar que, essa modifica\u00e7\u00e3o poder\u00e1 influenciar em como voc\u00ea navega em nosso site e em outros sites. Este fato ocorre, porque determinas programa\u00e7\u00f5es necessitam da utiliza\u00e7\u00e3o de cookies para funcionarem corretamente, tais como os sites que necessitem de login em determinada \u00e1rea restrita.<\/p>\n\n\n\n<h3 class=\"wp-block-heading\">Cookies por e-mail<\/h3>\n\n\n\n<p>No caso de envio de newsletters ou at\u00e9 mesmo envio de avisos por e-mail os cookies podem ser utilizados para direcionar um conte\u00fado mais adequado ao usu\u00e1rio final, com o intuito de melhorar a experi\u00eancia de quem est\u00e1 lendo o e-mail, vale ressaltar que cada provedor de email possui suas diretrizes, como por exemplo ao entrar no <a href=\"http:\/\/www.contadordevisitas.net.br\/hotmail-entrar-no-hotmail-direto\" target=\"_blank\" rel=\"noreferrer noopener\">hotmail<\/a> voc\u00ea dever\u00e1 respeitar suas devidas pol\u00edticas.<\/p>\n\n\n\n<p>O desenvolvedor poder\u00e1 coletar informa\u00e7\u00f5es pessoais do usu\u00e1rio que acessa o site, tais como nome, e-mail, n\u00famero de telefone fixo e\/ou celular, endere\u00e7o, data de nascimento, ip e\/ou outros dados. Na grande maioria das vezes, esses dados s\u00e3o utilizados para ativar a fun\u00e7\u00e3o de geotarget (exibir determinados conte\u00fados de acordo com a localiza\u00e7\u00e3o) e tamb\u00e9m filtrando por tipo de usu\u00e1rio (analisando a necessidade de cada um).<\/p>\n\n\n\n<h3 class=\"wp-block-heading\">An\u00e1lise de Dados<\/h3>\n\n\n\n<p>O site Lucas Guse utiliza o servi\u00e7o do Google Analytics para mensurar, calcular e an\u00e1lisar todo o tr\u00e1fego que recebe no site www.lucasguse.design\/loja\/ esta ferramenta coleta e processa os dados de acordo com a sua pr\u00f3pria pol\u00edtica, partindo do pressuposto da aceita\u00e7\u00e3o do usu\u00e1rio final, a pol\u00edtica est\u00e1 dispon\u00edvel nos links abaixo:<\/p>\n\n\n\n<ul class=\"wp-block-list\"><li>https:\/\/www.google.com\/intl\/pt-BR\/policies\/privacy\/partners\/<\/li><li>https:\/\/policies.google.com\/privacy<\/li><li>https:\/\/policies.google.com\/terms<\/li><\/ul>\n\n\n\n<p>Vale ressaltar que no caso do Google ou Parceiros deste, utilizarem os dados coletados, a responsabilidade \u00e9 \u00fanica e exclusiva destes, desta forma a empresa se isenta de qualquer responsabilidade por consequ\u00eancia do uso dos dados.<\/p>\n\n\n\n<h3 class=\"wp-block-heading\">Vinculo a Sites Externos<\/h3>\n\n\n\n<p>O site Lucas Guse cont\u00e9m vinculo com sites externos, estes que podem possuir ferramentas e\/ou informa\u00e7\u00f5es proveitosas para os usu\u00e1rios. Esta <strong>pol\u00edtica de privacidade<\/strong> n\u00e3o \u00e9 empregada aos sites externos, se for do interesse do usu\u00e1rio, o mesmo dever\u00e1 acessar a <strong>pol\u00edtica de privacidade<\/strong> do site em quest\u00e3o para ter conhecimento dos detalhes.<\/p>\n\n\n\n<h3 class=\"wp-block-heading\">Atualiza\u00e7\u00e3o<\/h3>\n\n\n\n<p>Essa pol\u00edtica foi criada na data de 17\/08\/2020, podendo ser modificada a qualquer momento, sem aviso pr\u00e9vio.<\/p>\n","protected":false},"excerpt":{"rendered":"<p>O desenvolvedor respons\u00e1vel pelo website Lucas Guse (www.lucasguse.design\/loja\/) informa que toda e qualquer informa\u00e7\u00e3o pessoal coletada por ele, ser\u00e1 utilizada para melhorar a sua experi\u00eancia &hellip; <\/p>\n","protected":false},"author":1,"featured_media":0,"parent":0,"menu_order":0,"comment_status":"closed","ping_status":"open","template":"","meta":{"pagelayer_contact_templates":[],"_pagelayer_content":"","_monsterinsights_skip_tracking":false,"_monsterinsights_sitenote_active":false,"_monsterinsights_sitenote_note":"","_monsterinsights_sitenote_category":0,"footnotes":""},"class_list":["post-3","page","type-page","status-publish","hentry"],"aioseo_notices":[],"_links":{"self":[{"href":"https:\/\/lucasguse.design\/loja\/wp-json\/wp\/v2\/pages\/3","targetHints":{"allow":["GET"]}}],"collection":[{"href":"https:\/\/lucasguse.design\/loja\/wp-json\/wp\/v2\/pages"}],"about":[{"href":"https:\/\/lucasguse.design\/loja\/wp-json\/wp\/v2\/types\/page"}],"author":[{"embeddable":true,"href":"https:\/\/lucasguse.design\/loja\/wp-json\/wp\/v2\/users\/1"}],"replies":[{"embeddable":true,"href":"https:\/\/lucasguse.design\/loja\/wp-json\/wp\/v2\/comments?post=3"}],"version-history":[{"count":5,"href":"https:\/\/lucasguse.design\/loja\/wp-json\/wp\/v2\/pages\/3\/revisions"}],"predecessor-version":[{"id":355,"href":"https:\/\/lucasguse.design\/loja\/wp-json\/wp\/v2\/pages\/3\/revisions\/355"}],"wp:attachment":[{"href":"https:\/\/lucasguse.design\/loja\/wp-json\/wp\/v2\/media?parent=3"}],"curies":[{"name":"wp","href":"https:\/\/api.w.org\/{rel}","templated":true}]}}