{"id":304,"date":"2020-08-14T11:21:40","date_gmt":"2020-08-14T14:21:40","guid":{"rendered":"https:\/\/lucasguse.design\/loja\/?page_id=304"},"modified":"2024-05-03T01:51:56","modified_gmt":"2024-05-03T04:51:56","slug":"sobre","status":"publish","type":"page","link":"https:\/\/lucasguse.design\/loja\/sobre\/","title":{"rendered":"Sobre"},"content":{"rendered":"\n<p><\/p>\n\n\n\n<p>Ol\u00e1, <br>meu nome \u00e9 <strong><mark style=\"background-color:rgba(0, 0, 0, 0)\" class=\"has-inline-color has-black-color\">Lucas Guse<\/mark><\/strong>, designer gr\u00e1fico h\u00e1 mais de 8 anos.  <br>Tenho especializa\u00e7\u00e3o em design de intera\u00e7\u00e3o no qual tenho me dedicado a entender melhor as necessidades das pessoas e a rela\u00e7\u00e3o delas com o mundo.<\/p>\n\n\n\n<div class=\"wp-block-columns is-layout-flex wp-container-core-columns-is-layout-9d6595d7 wp-block-columns-is-layout-flex\">\n<div class=\"wp-block-column is-layout-flow wp-block-column-is-layout-flow\">\n<figure class=\"wp-block-image size-full is-resized\"><img loading=\"lazy\" decoding=\"async\" width=\"700\" height=\"700\" src=\"https:\/\/lucasguse.design\/loja\/wp-content\/uploads\/2024\/04\/Foto-de-perfil_1.png\" alt=\"\" class=\"wp-image-2838\" style=\"width:291px;height:auto\" srcset=\"https:\/\/lucasguse.design\/loja\/wp-content\/uploads\/2024\/04\/Foto-de-perfil_1.png 700w, https:\/\/lucasguse.design\/loja\/wp-content\/uploads\/2024\/04\/Foto-de-perfil_1-300x300.png 300w, https:\/\/lucasguse.design\/loja\/wp-content\/uploads\/2024\/04\/Foto-de-perfil_1-150x150.png 150w, https:\/\/lucasguse.design\/loja\/wp-content\/uploads\/2024\/04\/Foto-de-perfil_1-60x60.png 60w\" sizes=\"auto, (max-width: 700px) 100vw, 700px\" \/><\/figure>\n<\/div>\n\n\n\n<div class=\"wp-block-column is-layout-flow wp-block-column-is-layout-flow\">\n<p><\/p>\n\n\n\nUma das minhas maiores premissas dentro do design \u00e9 solucionar problemas.\n<\/div>\n<\/div>\n\n\n\n<p><br>Este projeto surgiu da necessidade de disponibilizar documentos prontos para uso. Ap\u00f3s extensa pesquisa, iniciei o desenvolvimento de arquivos para simplificar o trabalho burocr\u00e1tico de profissionais de diversas \u00e1reas, incluindo contratos, or\u00e7amentos, recibos, peti\u00e7\u00f5es e muito mais. Dessa forma, voc\u00ea s\u00f3 precisa editar o arquivo com suas informa\u00e7\u00f5es, adapt\u00e1-lo conforme necess\u00e1rio e utiliz\u00e1-lo sem complica\u00e7\u00f5es.<\/p>\n\n\n\n<p>Espero que o material encontrado aqui seja \u00fatil e ajude no crescimento da sua carreira. <br><br>Adoraria receber ideias, sugest\u00f5es e cr\u00edticas para deixar cada vez melhor. \ud83d\ude42<br><a rel=\"noreferrer noopener\" href=\"mailto:contato@lucasguse.design\" target=\"_blank\"><span style=\"color:#32dbca\" class=\"has-inline-color\">Entrar em contato<\/span><\/a><\/p>\n","protected":false},"excerpt":{"rendered":"<p>Ol\u00e1, meu nome \u00e9 Lucas Guse, designer gr\u00e1fico h\u00e1 mais de 8 anos. Tenho especializa\u00e7\u00e3o em design de intera\u00e7\u00e3o no qual tenho me dedicado a &hellip; <\/p>\n","protected":false},"author":1,"featured_media":0,"parent":0,"menu_order":0,"comment_status":"closed","ping_status":"closed","template":"","meta":{"pagelayer_contact_templates":[],"_pagelayer_content":"","_monsterinsights_skip_tracking":false,"_monsterinsights_sitenote_active":false,"_monsterinsights_sitenote_note":"","_monsterinsights_sitenote_category":0,"footnotes":""},"class_list":["post-304","page","type-page","status-publish","hentry"],"aioseo_notices":[],"_links":{"self":[{"href":"https:\/\/lucasguse.design\/loja\/wp-json\/wp\/v2\/pages\/304","targetHints":{"allow":["GET"]}}],"collection":[{"href":"https:\/\/lucasguse.design\/loja\/wp-json\/wp\/v2\/pages"}],"about":[{"href":"https:\/\/lucasguse.design\/loja\/wp-json\/wp\/v2\/types\/page"}],"author":[{"embeddable":true,"href":"https:\/\/lucasguse.design\/loja\/wp-json\/wp\/v2\/users\/1"}],"replies":[{"embeddable":true,"href":"https:\/\/lucasguse.design\/loja\/wp-json\/wp\/v2\/comments?post=304"}],"version-history":[{"count":7,"href":"https:\/\/lucasguse.design\/loja\/wp-json\/wp\/v2\/pages\/304\/revisions"}],"predecessor-version":[{"id":2843,"href":"https:\/\/lucasguse.design\/loja\/wp-json\/wp\/v2\/pages\/304\/revisions\/2843"}],"wp:attachment":[{"href":"https:\/\/lucasguse.design\/loja\/wp-json\/wp\/v2\/media?parent=304"}],"curies":[{"name":"wp","href":"https:\/\/api.w.org\/{rel}","templated":true}]}}